{"id":47,"date":"2026-02-12T21:13:45","date_gmt":"2026-02-12T21:13:45","guid":{"rendered":"http:\/\/valdanastautrement.fr\/?page_id=47"},"modified":"2026-02-12T21:13:45","modified_gmt":"2026-02-12T21:13:45","slug":"notre-tete-de-liste-christian-lamy","status":"publish","type":"page","link":"http:\/\/valdanastautrement.fr\/index.php\/notre-tete-de-liste-christian-lamy\/","title":{"rendered":"Notre t\u00eate de liste, Christian Lamy"},"content":{"rendered":"\n<figure class=\"wp-block-gallery has-nested-images columns-default is-cropped wp-block-gallery-1 is-layout-flex wp-block-gallery-is-layout-flex\">\n<figure class=\"wp-block-image size-large\"><img loading=\"lazy\" decoding=\"async\" width=\"2560\" height=\"1708\" data-id=\"48\" src=\"http:\/\/valdanastautrement.fr\/wp-content\/uploads\/2026\/02\/DSC1949-1-edited-scaled.jpg\" alt=\"\" class=\"wp-image-48\" srcset=\"http:\/\/valdanastautrement.fr\/wp-content\/uploads\/2026\/02\/DSC1949-1-edited-scaled.jpg 2560w, http:\/\/valdanastautrement.fr\/wp-content\/uploads\/2026\/02\/DSC1949-1-edited-300x200.jpg 300w, http:\/\/valdanastautrement.fr\/wp-content\/uploads\/2026\/02\/DSC1949-1-edited-1024x683.jpg 1024w, http:\/\/valdanastautrement.fr\/wp-content\/uploads\/2026\/02\/DSC1949-1-edited-768x512.jpg 768w, http:\/\/valdanastautrement.fr\/wp-content\/uploads\/2026\/02\/DSC1949-1-edited-1536x1025.jpg 1536w, http:\/\/valdanastautrement.fr\/wp-content\/uploads\/2026\/02\/DSC1949-1-edited-2048x1366.jpg 2048w, http:\/\/valdanastautrement.fr\/wp-content\/uploads\/2026\/02\/DSC1949-1-edited-1200x800.jpg 1200w, http:\/\/valdanastautrement.fr\/wp-content\/uploads\/2026\/02\/DSC1949-1-edited-1980x1321.jpg 1980w\" sizes=\"auto, (max-width: 2560px) 100vw, 2560px\" \/><\/figure>\n<\/figure>\n\n\n\n<p>LE 15 MARS, nous voterons pour un nouveau conseil municipal. Une occasion unique de changer de cap pour Val d\u2019Anast.<\/p>\n\n\n\n<p>Il est temps de vous pr\u00e9senter ma liste : chaque jour, un candidat sera pr\u00e9sent\u00e9 en d\u00e9tail sur les r\u00e9seaux sociaux, et dans les prochains jours, nous viendrons \u00e9galement \u00e0 votre rencontre sur le terrain.<\/p>\n\n\n\n<p>Quelques mots sur moi.<\/p>\n\n\n\n<p>J\u2019ai 66 ans et je vis \u00e0 Maure-Val d\u2019Anast depuis plus de 20 ans. J\u2019ai exerc\u00e9 des responsabilit\u00e9s en entreprise et je suis aujourd\u2019hui tr\u00e8s engag\u00e9 dans la vie locale.<\/p>\n\n\n\n<p>Sur la commune, je pr\u00e9side une association culturelle qui organise notamment un festival d\u2019humour reconnu et soutenu par les collectivit\u00e9s.<\/p>\n\n\n\n<p>\u00c9lu au Conseil municipal en 2020, je si\u00e8ge depuis dans l\u2019opposition. Je suis membre de quatre commissions : finances, urbanisme, attractivit\u00e9 et culture.<\/p>\n\n\n\n<p>Mon \u00e9quipe m\u2019a accord\u00e9 sa confiance en me confiant la responsabilit\u00e9 de conduire la liste Val d\u2019Anast Autrement. C\u2019est un honneur, mais aussi une exigence.<\/p>\n\n\n\n<p>Avant tout, je veux remettre de l\u2019\u00e9quit\u00e9 dans le traitement des citoyens :<\/p>\n\n\n\n<ul class=\"wp-block-list\">\n<li>de l\u2019\u00e9quit\u00e9 entre Campel et Maure,<\/li>\n<\/ul>\n\n\n\n<ul class=\"wp-block-list\">\n<li>de l\u2019\u00e9quit\u00e9 entre les bourgs et la campagne,<\/li>\n<\/ul>\n\n\n\n<ul class=\"wp-block-list\">\n<li>de l\u2019\u00e9quit\u00e9 entre les associations.<\/li>\n<\/ul>\n\n\n\n<p>Avec conviction et dans un esprit profond\u00e9ment collectif, nous d\u00e9fendrons des valeurs essentielles pour notre commune : la libert\u00e9, la justice, l\u2019environnement et l\u2019int\u00e9r\u00eat g\u00e9n\u00e9ral.<\/p>\n\n\n\n<p>Val d\u2019Anast dispose de talents, de ressources et d\u2019atouts consid\u00e9rables pour s\u2019embellir, se transformer et rayonner.<\/p>\n\n\n\n<p>L\u2019\u00e9quipe qui m\u2019accompagne est d\u00e9j\u00e0 engag\u00e9e. Je suis pr\u00eat \u00e0 la conduire.<\/p>\n\n\n\n<p>Le 15 Mars osons le changement avec Val d&rsquo;Anast Autrement<\/p>\n\n\n\n<p>Bien sinc\u00e8rement,<\/p>\n\n\n\n<p>Christian Lamy<\/p>\n","protected":false},"excerpt":{"rendered":"<p>LE 15 MARS, nous voterons pour un nouveau conseil municipal. Une occasion unique de changer de cap pour Val d\u2019Anast. Il est temps de vous pr\u00e9senter ma liste : chaque jour, un candidat sera pr\u00e9sent\u00e9 en d\u00e9tail sur les r\u00e9seaux sociaux, et dans les prochains jours, nous viendrons \u00e9galement \u00e0 votre rencontre sur le terrain. [&hellip;]<\/p>\n","protected":false},"author":1,"featured_media":0,"parent":0,"menu_order":0,"comment_status":"closed","ping_status":"closed","template":"","meta":{"footnotes":""},"class_list":["post-47","page","type-page","status-publish","hentry"],"_links":{"self":[{"href":"http:\/\/valdanastautrement.fr\/index.php\/wp-json\/wp\/v2\/pages\/47","targetHints":{"allow":["GET"]}}],"collection":[{"href":"http:\/\/valdanastautrement.fr\/index.php\/wp-json\/wp\/v2\/pages"}],"about":[{"href":"http:\/\/valdanastautrement.fr\/index.php\/wp-json\/wp\/v2\/types\/page"}],"author":[{"embeddable":true,"href":"http:\/\/valdanastautrement.fr\/index.php\/wp-json\/wp\/v2\/users\/1"}],"replies":[{"embeddable":true,"href":"http:\/\/valdanastautrement.fr\/index.php\/wp-json\/wp\/v2\/comments?post=47"}],"version-history":[{"count":1,"href":"http:\/\/valdanastautrement.fr\/index.php\/wp-json\/wp\/v2\/pages\/47\/revisions"}],"predecessor-version":[{"id":49,"href":"http:\/\/valdanastautrement.fr\/index.php\/wp-json\/wp\/v2\/pages\/47\/revisions\/49"}],"wp:attachment":[{"href":"http:\/\/valdanastautrement.fr\/index.php\/wp-json\/wp\/v2\/media?parent=47"}],"curies":[{"name":"wp","href":"https:\/\/api.w.org\/{rel}","templated":true}]}}