{"id":128,"date":"2026-02-12T21:13:34","date_gmt":"2026-02-12T21:13:34","guid":{"rendered":"http:\/\/valdanastautrement.fr\/?page_id=128"},"modified":"2026-02-12T22:30:30","modified_gmt":"2026-02-12T22:30:30","slug":"notre-programme","status":"publish","type":"page","link":"https:\/\/valdanastautrement.fr\/index.php\/notre-programme\/","title":{"rendered":"Notre Programme"},"content":{"rendered":"\n<p><strong><mark style=\"background-color:rgba(0, 0, 0, 0)\" class=\"has-inline-color has-accent-color\">Garantir un acc\u00e8s aux services<\/mark><\/strong><\/p>\n\n\n\n<p>Tous les habitants de Val d\u2019Anast doivent avoir acc\u00e8s aux services de proximit\u00e9 pour se nourrir sainement, se soigner, s\u2019informer, de la petite enfance aux a\u00een\u00e9s.<\/p>\n\n\n\n<p><strong>Nos propositions :<\/strong><\/p>\n\n\n\n<ul class=\"wp-block-list\">\n<li>Un soutien actif \u00e0 l\u2019installation de <strong>2 m\u00e9decins g\u00e9n\u00e9ralistes<\/strong> suppl\u00e9mentaires.<\/li>\n<\/ul>\n\n\n\n<ul class=\"wp-block-list\">\n<li>L\u2019<strong>ouverture d\u2019une sup\u00e9rette<\/strong> avant la fin de l\u2019ann\u00e9e 2026.<\/li>\n\n\n\n<li>Un <strong>partenariat avec les producteurs locaux<\/strong> pour faciliter l\u2019acc\u00e8s aux circuits courts et travailler au renforcement du<strong> march\u00e9 de Maure de Bretagne.<\/strong><\/li>\n\n\n\n<li>Am\u00e9liorer la <strong>disponibilit\u00e9 des rendez-vous en Mairie<\/strong> et mettre en place des permanences d\u2019\u00e9lus.<\/li>\n\n\n\n<li><strong>L&rsquo;instauration de v\u00e9ritables budgets participatifs pour faire vivre les projets des habitants.<\/strong><\/li>\n<\/ul>\n\n\n\n<figure class=\"wp-block-gallery has-nested-images columns-default is-cropped wp-block-gallery-1 is-layout-flex wp-block-gallery-is-layout-flex\">\n<figure class=\"wp-block-image size-large\"><img loading=\"lazy\" decoding=\"async\" width=\"1024\" height=\"288\" data-id=\"263\" src=\"http:\/\/valdanastautrement.fr\/wp-content\/uploads\/2026\/02\/542656248_1360679055863571_6593487638763205175_n-1024x288.jpg\" alt=\"\" class=\"wp-image-263\" srcset=\"https:\/\/valdanastautrement.fr\/wp-content\/uploads\/2026\/02\/542656248_1360679055863571_6593487638763205175_n-1024x288.jpg 1024w, https:\/\/valdanastautrement.fr\/wp-content\/uploads\/2026\/02\/542656248_1360679055863571_6593487638763205175_n-300x84.jpg 300w, https:\/\/valdanastautrement.fr\/wp-content\/uploads\/2026\/02\/542656248_1360679055863571_6593487638763205175_n-768x216.jpg 768w, https:\/\/valdanastautrement.fr\/wp-content\/uploads\/2026\/02\/542656248_1360679055863571_6593487638763205175_n-1536x432.jpg 1536w, https:\/\/valdanastautrement.fr\/wp-content\/uploads\/2026\/02\/542656248_1360679055863571_6593487638763205175_n-2048x576.jpg 2048w, https:\/\/valdanastautrement.fr\/wp-content\/uploads\/2026\/02\/542656248_1360679055863571_6593487638763205175_n-1200x337.jpg 1200w, https:\/\/valdanastautrement.fr\/wp-content\/uploads\/2026\/02\/542656248_1360679055863571_6593487638763205175_n-1980x556.jpg 1980w\" sizes=\"auto, (max-width: 1024px) 100vw, 1024px\" \/><\/figure>\n<\/figure>\n\n\n\n<p><strong><mark style=\"background-color:rgba(0, 0, 0, 0)\" class=\"has-inline-color has-accent-color\">Soutenir la jeunesse et l\u2019\u00e9ducation<\/mark><\/strong><\/p>\n\n\n\n<p>Les \u00e9tablissements scolaires de Val d\u2019Anast sont une richesse, les familles ont besoin d\u2019\u00eatre soutenues par les \u00e9lus et de services p\u00e9riscolaires qualitatifs<\/p>\n\n\n\n<p><strong>Nos propositions :<\/strong><\/p>\n\n\n\n<ul class=\"wp-block-list\">\n<li><strong>Une cantine 100 % bio favorisant les produits locaux d\u2019ici \u00e0 la fin du mandat et le maintien des repas \u00e0 1 \u20ac.<\/strong><\/li>\n\n\n\n<li>Un <strong>soutien actif aux parents d\u2019\u00e9l\u00e8ves<\/strong> dans leurs d\u00e9marches, notamment concernant la recherche d\u2019AESH.<\/li>\n\n\n\n<li>Un <strong>service p\u00e9riscolaire <\/strong>renforc\u00e9.<\/li>\n\n\n\n<li>La cr\u00e9ation <strong>d\u2019une maison des associations et d\u2019une salle de gymnastique<\/strong>.<\/li>\n\n\n\n<li>La <strong>mise en place de pass Culture pour les familles<\/strong> et une <strong>programmation de spectacles vivants<\/strong> pour l\u2019enfance et la jeunesse.<\/li>\n<\/ul>\n\n\n\n<figure class=\"wp-block-gallery has-nested-images columns-default is-cropped wp-block-gallery-2 is-layout-flex wp-block-gallery-is-layout-flex\">\n<figure class=\"wp-block-image size-large\"><img loading=\"lazy\" decoding=\"async\" width=\"1024\" height=\"577\" data-id=\"264\" src=\"http:\/\/valdanastautrement.fr\/wp-content\/uploads\/2026\/02\/photo-p2-1-1024x577.jpg\" alt=\"\" class=\"wp-image-264\" srcset=\"https:\/\/valdanastautrement.fr\/wp-content\/uploads\/2026\/02\/photo-p2-1-1024x577.jpg 1024w, https:\/\/valdanastautrement.fr\/wp-content\/uploads\/2026\/02\/photo-p2-1-300x169.jpg 300w, https:\/\/valdanastautrement.fr\/wp-content\/uploads\/2026\/02\/photo-p2-1-768x432.jpg 768w, https:\/\/valdanastautrement.fr\/wp-content\/uploads\/2026\/02\/photo-p2-1-1536x865.jpg 1536w, https:\/\/valdanastautrement.fr\/wp-content\/uploads\/2026\/02\/photo-p2-1-2048x1153.jpg 2048w, https:\/\/valdanastautrement.fr\/wp-content\/uploads\/2026\/02\/photo-p2-1-1200x676.jpg 1200w, https:\/\/valdanastautrement.fr\/wp-content\/uploads\/2026\/02\/photo-p2-1-1980x1115.jpg 1980w\" sizes=\"auto, (max-width: 1024px) 100vw, 1024px\" \/><\/figure>\n<\/figure>\n\n\n\n<p><strong><mark style=\"background-color:rgba(0, 0, 0, 0)\" class=\"has-inline-color has-accent-color\">Prot\u00e9ger l\u2019environnement et notre cadre de vie<\/mark><\/strong><\/p>\n\n\n\n<p>La campagne de Val d\u2019Anast est un v\u00e9ritable atout pour la commune, trop souvent menac\u00e9e par des int\u00e9r\u00eats \u00e9conomiques. Le r\u00f4le des \u00e9lus est de prot\u00e9ger la biodiversit\u00e9 et l\u2019environnement. A ce titre, nous regrettons que la majorit\u00e9 sortante ait vot\u00e9 contre le Sch\u00e9ma d\u2019Am\u00e9nagement et de Gestion des Eaux (SAGE), qui propose des actions pour limiter la pollution des eaux.<\/p>\n\n\n\n<p><strong>Nos propositions<\/strong><\/p>\n\n\n\n<ul class=\"wp-block-list\">\n<li><strong>Une nouvelle politique de l\u2019eau fond\u00e9e sur la protection de la ressource en envisageant la mise en \u0153uvre d\u2019une r\u00e9gie municipale de l\u2019eau.<\/strong><\/li>\n\n\n\n<li><strong>La mise en place d\u2019un suivi sanitaire strict suite \u00e0 l\u2019autorisation de l\u2019enfouissement de d\u00e9chets dans la carri\u00e8re de Qu\u00e9hougat. Ces mati\u00e8res peuvent contenir des m\u00e9taux lourds tels que le cadmium, le plomb, l&rsquo;arsenic et le mercure . Ces d\u00e9p\u00f4ts posent un probl\u00e8me de sant\u00e9 publique.<\/strong><\/li>\n\n\n\n<li><strong>Une opposition ferme \u00e0 la construction d\u2019\u00e9oliennes sur la zone humide et riche en biodiversit\u00e9 de la \u00abLande aux Bestiaux\u00bb.<\/strong><\/li>\n\n\n\n<li><strong>Le lancement d&rsquo;un plan alimentaire territorial en valorisant les productions locales et leur distribution, en facilitant la transmission des fermes et en visant la souverainet\u00e9 alimentaire de la commune.<\/strong><\/li>\n\n\n\n<li><strong>Une action r\u00e9solue contre les d\u00e9p\u00f4ts d\u2019ordures sauvages et un acc\u00e8s \u00e0 la d\u00e9chetterie plus ais\u00e9e en concertation avec le SMICTOM.<\/strong><\/li>\n<\/ul>\n\n\n\n<figure class=\"wp-block-gallery has-nested-images columns-default is-cropped wp-block-gallery-3 is-layout-flex wp-block-gallery-is-layout-flex\">\n<figure class=\"wp-block-image size-large\"><img loading=\"lazy\" decoding=\"async\" width=\"1024\" height=\"577\" data-id=\"266\" src=\"http:\/\/valdanastautrement.fr\/wp-content\/uploads\/2026\/02\/20260206_143832-1024x577.jpg\" alt=\"\" class=\"wp-image-266\" srcset=\"https:\/\/valdanastautrement.fr\/wp-content\/uploads\/2026\/02\/20260206_143832-1024x577.jpg 1024w, https:\/\/valdanastautrement.fr\/wp-content\/uploads\/2026\/02\/20260206_143832-300x169.jpg 300w, https:\/\/valdanastautrement.fr\/wp-content\/uploads\/2026\/02\/20260206_143832-768x432.jpg 768w, https:\/\/valdanastautrement.fr\/wp-content\/uploads\/2026\/02\/20260206_143832-1536x865.jpg 1536w, https:\/\/valdanastautrement.fr\/wp-content\/uploads\/2026\/02\/20260206_143832-2048x1153.jpg 2048w, https:\/\/valdanastautrement.fr\/wp-content\/uploads\/2026\/02\/20260206_143832-1200x676.jpg 1200w, https:\/\/valdanastautrement.fr\/wp-content\/uploads\/2026\/02\/20260206_143832-1980x1115.jpg 1980w\" sizes=\"auto, (max-width: 1024px) 100vw, 1024px\" \/><\/figure>\n<\/figure>\n\n\n\n<p><strong><mark style=\"background-color:rgba(0, 0, 0, 0)\" class=\"has-inline-color has-accent-color\">Vivre en s\u00e9curit\u00e9<\/mark><\/strong><\/p>\n\n\n\n<p>Nous souhaitons qu\u2019il fasse bon vivre \u00e0 Val d\u2019Anast, les probl\u00e8mes de s\u00e9curit\u00e9 que rencontre la commune doivent \u00eatre pris \u00e0 bras le corps, en commen\u00e7ant par l\u2019ins\u00e9curit\u00e9 routi\u00e8re et toute autre forme d\u2019agression.<\/p>\n\n\n\n<p><strong>Nos propositions :<\/strong><\/p>\n\n\n\n<ul class=\"wp-block-list\">\n<li><strong>La s\u00e9curisation des pi\u00e9tons et des cyclistes \u00e0 Campel comme \u00e0 Maure avec un am\u00e9nagement qui tienne compte des personnes \u00e0 mobilit\u00e9 r\u00e9duite.<\/strong><\/li>\n\n\n\n<li><strong>Le retour d\u2019une police municipale.<\/strong><\/li>\n\n\n\n<li><strong>L&rsquo;adaptation de l&rsquo;\u00e9clairage public aux saisons : aucun enfant ne doit rentrer chez lui dans le noir apr\u00e8s l\u2019\u00e9cole ou le sport.<\/strong><\/li>\n\n\n\n<li><strong>La pr\u00e9vention des violences sexistes et sexuelles et la lutte contre le racisme.<\/strong><\/li>\n\n\n\n<li><strong>La mise en place d&rsquo;un plan de r\u00e9novation de la voirie communale afin de s\u00e9curiser toutes circulations.<\/strong><\/li>\n<\/ul>\n\n\n\n<p><strong><mark style=\"background-color:rgba(0, 0, 0, 0)\" class=\"has-inline-color has-accent-color\">Encourager la culture et la convivialit\u00e9<\/mark><\/strong><\/p>\n\n\n\n<p>La culture et la convivialit\u00e9 doivent permettre \u00e0 notre collectivit\u00e9 de se tourner vers l\u2019avenir, riche de son identit\u00e9 et ouverte sur le monde. Engageons une politique culturelle, accessible \u00e0 tous.<\/p>\n\n\n\n<p><strong>Nos propositions :<\/strong><\/p>\n\n\n\n<ul class=\"wp-block-list\">\n<li><strong>La mise en place d\u2019une politique communale d\u2019\u00e9ducation artistique et culturelle et de soutien aux initiatives associatives.<\/strong><\/li>\n\n\n\n<li><strong>La refonte du fonctionnement du Rotz et des salles communales : faciliter l\u2019acc\u00e8s aux salles en privil\u00e9giant les citoyens de la commune (tarifs).<\/strong><\/li>\n\n\n\n<li><strong>Le lancement d&rsquo;une programmation \u00e9v\u00e9nementielle estivale et le projet d&rsquo;ouverture d&rsquo;espaces d\u2019expositions.<\/strong><\/li>\n\n\n\n<li><strong>Le renforcement du budget du CCAS et la coordination avec les associations de solidarit\u00e9 de la commune.<\/strong><\/li>\n\n\n\n<li><strong>Le soutien des actions du Chorus en collaboration avec l&rsquo;intercommunalit\u00e9.<\/strong><\/li>\n\n\n\n<li><strong>La promotion des langues bretonne et gall\u00e8se.<\/strong><\/li>\n<\/ul>\n","protected":false},"excerpt":{"rendered":"<p>Garantir un acc\u00e8s aux services Tous les habitants de Val d\u2019Anast doivent avoir acc\u00e8s aux services de proximit\u00e9 pour se nourrir sainement, se soigner, s\u2019informer, de la petite enfance aux a\u00een\u00e9s. Nos propositions : Soutenir la jeunesse et l\u2019\u00e9ducation Les \u00e9tablissements scolaires de Val d\u2019Anast sont une richesse, les familles ont besoin d\u2019\u00eatre soutenues par [&hellip;]<\/p>\n","protected":false},"author":1,"featured_media":0,"parent":0,"menu_order":0,"comment_status":"closed","ping_status":"closed","template":"","meta":{"footnotes":""},"class_list":["post-128","page","type-page","status-publish","hentry"],"_links":{"self":[{"href":"https:\/\/valdanastautrement.fr\/index.php\/wp-json\/wp\/v2\/pages\/128","targetHints":{"allow":["GET"]}}],"collection":[{"href":"https:\/\/valdanastautrement.fr\/index.php\/wp-json\/wp\/v2\/pages"}],"about":[{"href":"https:\/\/valdanastautrement.fr\/index.php\/wp-json\/wp\/v2\/types\/page"}],"author":[{"embeddable":true,"href":"https:\/\/valdanastautrement.fr\/index.php\/wp-json\/wp\/v2\/users\/1"}],"replies":[{"embeddable":true,"href":"https:\/\/valdanastautrement.fr\/index.php\/wp-json\/wp\/v2\/comments?post=128"}],"version-history":[{"count":3,"href":"https:\/\/valdanastautrement.fr\/index.php\/wp-json\/wp\/v2\/pages\/128\/revisions"}],"predecessor-version":[{"id":267,"href":"https:\/\/valdanastautrement.fr\/index.php\/wp-json\/wp\/v2\/pages\/128\/revisions\/267"}],"wp:attachment":[{"href":"https:\/\/valdanastautrement.fr\/index.php\/wp-json\/wp\/v2\/media?parent=128"}],"curies":[{"name":"wp","href":"https:\/\/api.w.org\/{rel}","templated":true}]}}