{"id":68,"date":"2026-02-12T11:00:19","date_gmt":"2026-02-12T11:00:19","guid":{"rendered":"http:\/\/valdanastautrement.fr\/?page_id=68"},"modified":"2026-03-01T22:41:19","modified_gmt":"2026-03-01T22:41:19","slug":"nos-prises-de-positions","status":"publish","type":"page","link":"https:\/\/valdanastautrement.fr\/index.php\/nos-prises-de-positions\/","title":{"rendered":"Nos prises de positions"},"content":{"rendered":"\n<p class=\"has-text-align-center\"><strong><a href=\"http:\/\/valdanastautrement.fr\/index.php\/2026\/02\/12\/les-finances-de-la-commune\/\">LES FINANCES DE LA COMMUNE<\/a><\/strong><\/p>\n\n\n\n<figure class=\"wp-block-gallery has-nested-images columns-default is-cropped wp-block-gallery-1 is-layout-flex wp-block-gallery-is-layout-flex\">\n<figure class=\"wp-block-image size-large\"><a href=\"http:\/\/valdanastautrement.fr\/index.php\/2026\/02\/12\/les-finances-de-la-commune\/\"><img loading=\"lazy\" decoding=\"async\" width=\"1024\" height=\"607\" data-id=\"69\" src=\"http:\/\/valdanastautrement.fr\/wp-content\/uploads\/2026\/02\/taux-dendettement-1024x607.jpg\" alt=\"\" class=\"wp-image-69\" srcset=\"https:\/\/valdanastautrement.fr\/wp-content\/uploads\/2026\/02\/taux-dendettement-1024x607.jpg 1024w, https:\/\/valdanastautrement.fr\/wp-content\/uploads\/2026\/02\/taux-dendettement-300x178.jpg 300w, https:\/\/valdanastautrement.fr\/wp-content\/uploads\/2026\/02\/taux-dendettement-768x455.jpg 768w, https:\/\/valdanastautrement.fr\/wp-content\/uploads\/2026\/02\/taux-dendettement-1200x711.jpg 1200w, https:\/\/valdanastautrement.fr\/wp-content\/uploads\/2026\/02\/taux-dendettement.jpg 1470w\" sizes=\"auto, (max-width: 1024px) 100vw, 1024px\" \/><\/a><\/figure>\n<\/figure>\n\n\n\n<p class=\"has-text-align-center\"><strong><a href=\"http:\/\/valdanastautrement.fr\/index.php\/2026\/02\/12\/carriere-de-quehougat-le-droit-de-savoir-le-devoir-dagir\/\">LES CARRIERES DE QUEHOUGAT<\/a><\/strong><\/p>\n\n\n\n<figure class=\"wp-block-gallery has-nested-images columns-default is-cropped wp-block-gallery-2 is-layout-flex wp-block-gallery-is-layout-flex\">\n<figure class=\"wp-block-image size-large\"><a href=\"http:\/\/valdanastautrement.fr\/index.php\/2026\/02\/12\/carriere-de-quehougat-le-droit-de-savoir-le-devoir-dagir\/\"><img loading=\"lazy\" decoding=\"async\" width=\"1024\" height=\"768\" data-id=\"70\" src=\"http:\/\/valdanastautrement.fr\/wp-content\/uploads\/2026\/02\/IMG-20251205-WA0026-1024x768.jpg\" alt=\"\" class=\"wp-image-70\" srcset=\"https:\/\/valdanastautrement.fr\/wp-content\/uploads\/2026\/02\/IMG-20251205-WA0026-1024x768.jpg 1024w, https:\/\/valdanastautrement.fr\/wp-content\/uploads\/2026\/02\/IMG-20251205-WA0026-300x225.jpg 300w, https:\/\/valdanastautrement.fr\/wp-content\/uploads\/2026\/02\/IMG-20251205-WA0026-768x576.jpg 768w, https:\/\/valdanastautrement.fr\/wp-content\/uploads\/2026\/02\/IMG-20251205-WA0026-1536x1152.jpg 1536w, https:\/\/valdanastautrement.fr\/wp-content\/uploads\/2026\/02\/IMG-20251205-WA0026-1200x900.jpg 1200w, https:\/\/valdanastautrement.fr\/wp-content\/uploads\/2026\/02\/IMG-20251205-WA0026.jpg 1600w\" sizes=\"auto, (max-width: 1024px) 100vw, 1024px\" \/><\/a><\/figure>\n<\/figure>\n\n\n\n<p class=\"has-text-align-center\"><strong><a href=\"http:\/\/valdanastautrement.fr\/index.php\/2026\/02\/12\/les-balcons-du-rotz-de-nombreuses-interrogations\/\">\u00ab Les Balcons du Rotz \u00bb<\/a><\/strong><\/p>\n\n\n\n<figure class=\"wp-block-gallery has-nested-images columns-default is-cropped wp-block-gallery-3 is-layout-flex wp-block-gallery-is-layout-flex\">\n<figure class=\"wp-block-image size-large\"><a href=\"http:\/\/valdanastautrement.fr\/index.php\/2026\/02\/12\/les-balcons-du-rotz-de-nombreuses-interrogations\/\"><img loading=\"lazy\" decoding=\"async\" width=\"600\" height=\"450\" data-id=\"71\" src=\"http:\/\/valdanastautrement.fr\/wp-content\/uploads\/2026\/02\/581435359_1426800669251409_296708942745773707_n.jpg\" alt=\"\" class=\"wp-image-71\" srcset=\"https:\/\/valdanastautrement.fr\/wp-content\/uploads\/2026\/02\/581435359_1426800669251409_296708942745773707_n.jpg 600w, https:\/\/valdanastautrement.fr\/wp-content\/uploads\/2026\/02\/581435359_1426800669251409_296708942745773707_n-300x225.jpg 300w\" sizes=\"auto, (max-width: 600px) 100vw, 600px\" \/><\/a><\/figure>\n<\/figure>\n\n\n\n<p class=\"has-text-align-center\"><strong><a href=\"http:\/\/valdanastautrement.fr\/index.php\/2026\/02\/12\/centre-bourg-des-incoherences-dans-la-gestion-du-chantier-qui-interrogent\/\">Centre-bourg : des incoh\u00e9rences dans la gestion du chantier qui interrogent<br><\/a><\/strong><\/p>\n\n\n\n<figure class=\"wp-block-gallery has-nested-images columns-default is-cropped wp-block-gallery-4 is-layout-flex wp-block-gallery-is-layout-flex\">\n<figure class=\"wp-block-image size-large\"><img loading=\"lazy\" decoding=\"async\" width=\"1024\" height=\"577\" data-id=\"220\" src=\"http:\/\/valdanastautrement.fr\/wp-content\/uploads\/2026\/02\/20260206_143210-4-1024x577.jpg\" alt=\"\" class=\"wp-image-220\" srcset=\"https:\/\/valdanastautrement.fr\/wp-content\/uploads\/2026\/02\/20260206_143210-4-1024x577.jpg 1024w, https:\/\/valdanastautrement.fr\/wp-content\/uploads\/2026\/02\/20260206_143210-4-300x169.jpg 300w, https:\/\/valdanastautrement.fr\/wp-content\/uploads\/2026\/02\/20260206_143210-4-768x432.jpg 768w, https:\/\/valdanastautrement.fr\/wp-content\/uploads\/2026\/02\/20260206_143210-4-1536x865.jpg 1536w, https:\/\/valdanastautrement.fr\/wp-content\/uploads\/2026\/02\/20260206_143210-4-2048x1153.jpg 2048w, https:\/\/valdanastautrement.fr\/wp-content\/uploads\/2026\/02\/20260206_143210-4-1200x676.jpg 1200w, https:\/\/valdanastautrement.fr\/wp-content\/uploads\/2026\/02\/20260206_143210-4-1980x1115.jpg 1980w\" sizes=\"auto, (max-width: 1024px) 100vw, 1024px\" \/><\/figure>\n<\/figure>\n\n\n\n<p class=\"has-text-align-center\"><strong><mark style=\"background-color:rgba(0, 0, 0, 0)\" class=\"has-inline-color has-accent-color\"><a href=\"http:\/\/valdanastautrement.fr\/index.php\/2026\/02\/12\/sage-vilaine-val-danast-autrement-dit-oui\/\">SAGE VILAINE : VAL D&rsquo;ANAST AUTREMENT DIT OUI !<\/a><\/mark><\/strong><\/p>\n\n\n\n<figure class=\"wp-block-gallery has-nested-images columns-default is-cropped wp-block-gallery-5 is-layout-flex wp-block-gallery-is-layout-flex\">\n<figure class=\"wp-block-image size-large\"><a href=\"http:\/\/valdanastautrement.fr\/index.php\/2026\/02\/12\/sage-vilaine-val-danast-autrement-dit-oui\/\"><img loading=\"lazy\" decoding=\"async\" width=\"1024\" height=\"576\" data-id=\"251\" src=\"http:\/\/valdanastautrement.fr\/wp-content\/uploads\/2026\/02\/616048917_1473618341236308_3091937040156813700_n-1024x576.jpg\" alt=\"\" class=\"wp-image-251\" srcset=\"https:\/\/valdanastautrement.fr\/wp-content\/uploads\/2026\/02\/616048917_1473618341236308_3091937040156813700_n-1024x576.jpg 1024w, https:\/\/valdanastautrement.fr\/wp-content\/uploads\/2026\/02\/616048917_1473618341236308_3091937040156813700_n-300x169.jpg 300w, https:\/\/valdanastautrement.fr\/wp-content\/uploads\/2026\/02\/616048917_1473618341236308_3091937040156813700_n-768x432.jpg 768w, https:\/\/valdanastautrement.fr\/wp-content\/uploads\/2026\/02\/616048917_1473618341236308_3091937040156813700_n-1536x864.jpg 1536w, https:\/\/valdanastautrement.fr\/wp-content\/uploads\/2026\/02\/616048917_1473618341236308_3091937040156813700_n-1200x675.jpg 1200w, https:\/\/valdanastautrement.fr\/wp-content\/uploads\/2026\/02\/616048917_1473618341236308_3091937040156813700_n-1980x1114.jpg 1980w, https:\/\/valdanastautrement.fr\/wp-content\/uploads\/2026\/02\/616048917_1473618341236308_3091937040156813700_n.jpg 2048w\" sizes=\"auto, (max-width: 1024px) 100vw, 1024px\" \/><\/a><\/figure>\n<\/figure>\n\n\n\n<p class=\"has-text-align-center\"><strong><mark style=\"background-color:rgba(0, 0, 0, 0)\" class=\"has-inline-color has-accent-color\"><a href=\"http:\/\/valdanastautrement.fr\/index.php\/2026\/02\/12\/hausse-de-25-du-tarif-du-centre-de-loisirs-qui-defend-les-familles-de-val-danast\/\">Hausse de 25 % du tarif du centre de loisirs : qui d\u00e9fend les familles de Val d\u2019Anast ?<\/a><\/mark><\/strong><\/p>\n\n\n\n<figure class=\"wp-block-gallery has-nested-images columns-default is-cropped wp-block-gallery-6 is-layout-flex wp-block-gallery-is-layout-flex\">\n<figure class=\"wp-block-image size-large\"><a href=\"http:\/\/valdanastautrement.fr\/index.php\/2026\/02\/12\/hausse-de-25-du-tarif-du-centre-de-loisirs-qui-defend-les-familles-de-val-danast\/\"><img loading=\"lazy\" decoding=\"async\" width=\"512\" height=\"680\" data-id=\"256\" src=\"http:\/\/valdanastautrement.fr\/wp-content\/uploads\/2026\/02\/600307813_1456638689600940_4998281704728906814_n.jpg\" alt=\"\" class=\"wp-image-256\" srcset=\"https:\/\/valdanastautrement.fr\/wp-content\/uploads\/2026\/02\/600307813_1456638689600940_4998281704728906814_n.jpg 512w, https:\/\/valdanastautrement.fr\/wp-content\/uploads\/2026\/02\/600307813_1456638689600940_4998281704728906814_n-226x300.jpg 226w\" sizes=\"auto, (max-width: 512px) 100vw, 512px\" \/><\/a><\/figure>\n<\/figure>\n\n\n\n<p class=\"has-text-align-center\"><strong><mark style=\"background-color:rgba(0, 0, 0, 0)\" class=\"has-inline-color has-accent-color\"><a href=\"https:\/\/valdanastautrement.fr\/index.php\/2026\/02\/26\/insecurite-ou-en-sommes-nous-a-val-danast\/\" data-type=\"post\" data-id=\"306\">Ins\u00e9curit\u00e9 : o\u00f9 en sommes nous \u00e0 Val d&rsquo;Anast ? <\/a><\/mark><\/strong><\/p>\n\n\n\n<figure class=\"wp-block-image size-large\"><img loading=\"lazy\" decoding=\"async\" width=\"1024\" height=\"552\" src=\"http:\/\/valdanastautrement.fr\/wp-content\/uploads\/2026\/02\/626421721_1496313185633490_1885697769548108070_n-1024x552.jpg\" alt=\"\" class=\"wp-image-307\" srcset=\"https:\/\/valdanastautrement.fr\/wp-content\/uploads\/2026\/02\/626421721_1496313185633490_1885697769548108070_n-1024x552.jpg 1024w, https:\/\/valdanastautrement.fr\/wp-content\/uploads\/2026\/02\/626421721_1496313185633490_1885697769548108070_n-300x162.jpg 300w, https:\/\/valdanastautrement.fr\/wp-content\/uploads\/2026\/02\/626421721_1496313185633490_1885697769548108070_n-768x414.jpg 768w, https:\/\/valdanastautrement.fr\/wp-content\/uploads\/2026\/02\/626421721_1496313185633490_1885697769548108070_n-1536x827.jpg 1536w, https:\/\/valdanastautrement.fr\/wp-content\/uploads\/2026\/02\/626421721_1496313185633490_1885697769548108070_n-1200x646.jpg 1200w, https:\/\/valdanastautrement.fr\/wp-content\/uploads\/2026\/02\/626421721_1496313185633490_1885697769548108070_n-1980x1066.jpg 1980w, https:\/\/valdanastautrement.fr\/wp-content\/uploads\/2026\/02\/626421721_1496313185633490_1885697769548108070_n.jpg 2048w\" sizes=\"auto, (max-width: 1024px) 100vw, 1024px\" \/><\/figure>\n\n\n\n<p class=\"has-text-align-center\"><strong><mark style=\"background-color:rgba(0, 0, 0, 0)\" class=\"has-inline-color has-accent-color\"><a href=\"http:\/\/valdanastautrement.fr\/index.php\/2026\/02\/12\/lhabitat-leger-une-solution-concrete-pour-permettre-aux-jeunes-dacceder-progressivement-au-logement\/\">L\u2019habitat l\u00e9ger : une solution concr\u00e8te pour permettre aux jeunes d\u2019acc\u00e9der progressivement au logement.<\/a><\/mark><\/strong><\/p>\n\n\n\n<figure class=\"wp-block-gallery has-nested-images columns-default is-cropped wp-block-gallery-7 is-layout-flex wp-block-gallery-is-layout-flex\">\n<figure class=\"wp-block-image size-large\"><a href=\"http:\/\/valdanastautrement.fr\/index.php\/2026\/02\/12\/lhabitat-leger-une-solution-concrete-pour-permettre-aux-jeunes-dacceder-progressivement-au-logement\/\"><img loading=\"lazy\" decoding=\"async\" width=\"1000\" height=\"750\" data-id=\"262\" src=\"http:\/\/valdanastautrement.fr\/wp-content\/uploads\/2026\/02\/557983059_1390674409530702_7677568973084974255_n-1.jpg\" alt=\"\" class=\"wp-image-262\" srcset=\"https:\/\/valdanastautrement.fr\/wp-content\/uploads\/2026\/02\/557983059_1390674409530702_7677568973084974255_n-1.jpg 1000w, https:\/\/valdanastautrement.fr\/wp-content\/uploads\/2026\/02\/557983059_1390674409530702_7677568973084974255_n-1-300x225.jpg 300w, https:\/\/valdanastautrement.fr\/wp-content\/uploads\/2026\/02\/557983059_1390674409530702_7677568973084974255_n-1-768x576.jpg 768w\" sizes=\"auto, (max-width: 1000px) 100vw, 1000px\" \/><\/a><\/figure>\n<\/figure>\n\n\n\n<p class=\"has-text-align-center\"><strong><a href=\"https:\/\/valdanastautrement.fr\/index.php\/2026\/02\/19\/campel-securiser-les-deplacements-du-quotidien\/\" data-type=\"post\" data-id=\"289\">Campel : s\u00e9curiser les d\u00e9placements du quotidien<\/a><\/strong><\/p>\n\n\n\n<figure class=\"wp-block-image size-large\"><img loading=\"lazy\" decoding=\"async\" width=\"983\" height=\"1024\" src=\"https:\/\/valdanastautrement.fr\/wp-content\/uploads\/2026\/02\/20260215_153840-2-983x1024.jpg\" alt=\"\" class=\"wp-image-295\" srcset=\"https:\/\/valdanastautrement.fr\/wp-content\/uploads\/2026\/02\/20260215_153840-2-983x1024.jpg 983w, https:\/\/valdanastautrement.fr\/wp-content\/uploads\/2026\/02\/20260215_153840-2-288x300.jpg 288w, https:\/\/valdanastautrement.fr\/wp-content\/uploads\/2026\/02\/20260215_153840-2-768x800.jpg 768w, https:\/\/valdanastautrement.fr\/wp-content\/uploads\/2026\/02\/20260215_153840-2-1474x1536.jpg 1474w, https:\/\/valdanastautrement.fr\/wp-content\/uploads\/2026\/02\/20260215_153840-2-1966x2048.jpg 1966w, https:\/\/valdanastautrement.fr\/wp-content\/uploads\/2026\/02\/20260215_153840-2-1200x1250.jpg 1200w, https:\/\/valdanastautrement.fr\/wp-content\/uploads\/2026\/02\/20260215_153840-2-1980x2063.jpg 1980w\" sizes=\"auto, (max-width: 983px) 100vw, 983px\" \/><\/figure>\n\n\n\n<p class=\"has-text-align-center\"><a href=\"https:\/\/valdanastautrement.fr\/index.php\/2026\/02\/20\/faire-revivre-le-jumelage-val-danast-wierzbinek-pologne-faire-vivre-leurope-dans-notre-commune\/\" data-type=\"post\" data-id=\"301\"><strong>Faire revivre le jumelage Val d\u2019Anast \u2013 Wierzbinek (Pologne) : faire vivre l\u2019Europe dans notre commune<\/strong><\/a><\/p>\n\n\n\n<figure class=\"wp-block-image size-large\"><img loading=\"lazy\" decoding=\"async\" width=\"1024\" height=\"640\" src=\"http:\/\/valdanastautrement.fr\/wp-content\/uploads\/2026\/02\/Flag_of_Poland.svg_-1024x640.png\" alt=\"\" class=\"wp-image-302\" srcset=\"https:\/\/valdanastautrement.fr\/wp-content\/uploads\/2026\/02\/Flag_of_Poland.svg_-1024x640.png 1024w, https:\/\/valdanastautrement.fr\/wp-content\/uploads\/2026\/02\/Flag_of_Poland.svg_-300x188.png 300w, https:\/\/valdanastautrement.fr\/wp-content\/uploads\/2026\/02\/Flag_of_Poland.svg_-768x480.png 768w, https:\/\/valdanastautrement.fr\/wp-content\/uploads\/2026\/02\/Flag_of_Poland.svg_-1536x960.png 1536w, https:\/\/valdanastautrement.fr\/wp-content\/uploads\/2026\/02\/Flag_of_Poland.svg_-1200x750.png 1200w, https:\/\/valdanastautrement.fr\/wp-content\/uploads\/2026\/02\/Flag_of_Poland.svg_.png 1920w\" sizes=\"auto, (max-width: 1024px) 100vw, 1024px\" \/><\/figure>\n\n\n\n<p class=\"has-text-align-center\">Culture, nos propositions<\/p>\n\n\n\n<figure class=\"wp-block-image size-full\"><img loading=\"lazy\" decoding=\"async\" width=\"600\" height=\"205\" src=\"https:\/\/valdanastautrement.fr\/wp-content\/uploads\/2026\/03\/espace-cuturel-du-rotz.jpg\" alt=\"\" class=\"wp-image-317\" srcset=\"https:\/\/valdanastautrement.fr\/wp-content\/uploads\/2026\/03\/espace-cuturel-du-rotz.jpg 600w, https:\/\/valdanastautrement.fr\/wp-content\/uploads\/2026\/03\/espace-cuturel-du-rotz-300x103.jpg 300w\" sizes=\"auto, (max-width: 600px) 100vw, 600px\" \/><figcaption class=\"wp-element-caption\">AppleMark<\/figcaption><\/figure>\n","protected":false},"excerpt":{"rendered":"<p>LES FINANCES DE LA COMMUNE LES CARRIERES DE QUEHOUGAT \u00ab Les Balcons du Rotz \u00bb Centre-bourg : des incoh\u00e9rences dans la gestion du chantier qui interrogent SAGE VILAINE : VAL D&rsquo;ANAST AUTREMENT DIT OUI ! Hausse de 25 % du tarif du centre de loisirs : qui d\u00e9fend les familles de Val d\u2019Anast ? Ins\u00e9curit\u00e9 [&hellip;]<\/p>\n","protected":false},"author":1,"featured_media":0,"parent":0,"menu_order":0,"comment_status":"closed","ping_status":"closed","template":"","meta":{"footnotes":""},"class_list":["post-68","page","type-page","status-publish","hentry"],"_links":{"self":[{"href":"https:\/\/valdanastautrement.fr\/index.php\/wp-json\/wp\/v2\/pages\/68","targetHints":{"allow":["GET"]}}],"collection":[{"href":"https:\/\/valdanastautrement.fr\/index.php\/wp-json\/wp\/v2\/pages"}],"about":[{"href":"https:\/\/valdanastautrement.fr\/index.php\/wp-json\/wp\/v2\/types\/page"}],"author":[{"embeddable":true,"href":"https:\/\/valdanastautrement.fr\/index.php\/wp-json\/wp\/v2\/users\/1"}],"replies":[{"embeddable":true,"href":"https:\/\/valdanastautrement.fr\/index.php\/wp-json\/wp\/v2\/comments?post=68"}],"version-history":[{"count":10,"href":"https:\/\/valdanastautrement.fr\/index.php\/wp-json\/wp\/v2\/pages\/68\/revisions"}],"predecessor-version":[{"id":328,"href":"https:\/\/valdanastautrement.fr\/index.php\/wp-json\/wp\/v2\/pages\/68\/revisions\/328"}],"wp:attachment":[{"href":"https:\/\/valdanastautrement.fr\/index.php\/wp-json\/wp\/v2\/media?parent=68"}],"curies":[{"name":"wp","href":"https:\/\/api.w.org\/{rel}","templated":true}]}}