{"id":7,"date":"2026-02-11T22:34:27","date_gmt":"2026-02-11T22:34:27","guid":{"rendered":"http:\/\/valdanastautrement.fr\/?page_id=7"},"modified":"2026-03-17T08:19:34","modified_gmt":"2026-03-17T08:19:34","slug":"the-new-umoma-opens-its-doors-2","status":"publish","type":"page","link":"https:\/\/valdanastautrement.fr\/","title":{"rendered":"Val d&rsquo;Anast autrement"},"content":{"rendered":"\n<div class=\"wp-block-group alignwide\"><div class=\"wp-block-group__inner-container is-layout-flow wp-block-group-is-layout-flow\">\n<h2 class=\"wp-block-heading has-text-align-center\">Avec Christian Lamy<\/h2>\n\n\n\n<p class=\"has-text-align-center\"><strong>\u00c9L\u00c9CTIONS MUNICIPALES -15 MARS 2026<\/strong><\/p>\n\n\n\n<figure class=\"wp-block-image size-large\"><img loading=\"lazy\" decoding=\"async\" width=\"1024\" height=\"1024\" src=\"https:\/\/valdanastautrement.fr\/wp-content\/uploads\/2026\/03\/VAL-DANAST-AUTREMENT-2328-3-elus-440-voix-MERCI--1024x1024.png\" alt=\"\" class=\"wp-image-341\" srcset=\"https:\/\/valdanastautrement.fr\/wp-content\/uploads\/2026\/03\/VAL-DANAST-AUTREMENT-2328-3-elus-440-voix-MERCI--1024x1024.png 1024w, https:\/\/valdanastautrement.fr\/wp-content\/uploads\/2026\/03\/VAL-DANAST-AUTREMENT-2328-3-elus-440-voix-MERCI--300x300.png 300w, https:\/\/valdanastautrement.fr\/wp-content\/uploads\/2026\/03\/VAL-DANAST-AUTREMENT-2328-3-elus-440-voix-MERCI--150x150.png 150w, https:\/\/valdanastautrement.fr\/wp-content\/uploads\/2026\/03\/VAL-DANAST-AUTREMENT-2328-3-elus-440-voix-MERCI--768x768.png 768w, https:\/\/valdanastautrement.fr\/wp-content\/uploads\/2026\/03\/VAL-DANAST-AUTREMENT-2328-3-elus-440-voix-MERCI-.png 1080w\" sizes=\"auto, (max-width: 1024px) 100vw, 1024px\" \/><\/figure>\n<\/div><\/div>\n\n\n\n<p>Hier ont eu lieu les \u00e9lections municipales \u00e0 Val d\u2019Anast.<\/p>\n\n\n\n<p>Nous voulons remercier chaleureusement les 440 \u00e9lecteurs qui ont choisi Val d\u2019Anast Autrement.<\/p>\n\n\n\n<p>Nous regrettons toutefois une participation en baisse : 4 points de moins que lors des derni\u00e8res l\u00e9gislatives et 12 points de moins que lors de la derni\u00e8re pr\u00e9sidentielle. Cette abstention traduit une r\u00e9alit\u00e9 pr\u00e9occupante : une perte de confiance croissante des citoyens envers l\u2019\u00e9chelon communal et la vie publique locale.<\/p>\n\n\n\n<p>Gr\u00e2ce \u00e0 votre soutien, trois conseillers vous repr\u00e9senteront au conseil municipal :<\/p>\n\n\n\n<p>Christian Lamy (conseiller sortant), Audrey Charrier (Campel) et Franck Moutardier.<\/p>\n\n\n\n<p>Ils seront pleinement engag\u00e9s et resteront \u00e0 votre \u00e9coute pour porter votre voix et vos pr\u00e9occupations. Fid\u00e8le \u00e0 notre vision du partage des responsabilit\u00e9s, ces conseillers tourneront dans les ann\u00e9es \u00e0 venir.<\/p>\n\n\n\n<p>Perdre une \u00e9lection n\u2019est jamais agr\u00e9able. Mais le pire aurait \u00e9t\u00e9 de ne rien faire, de ne pas proposer d\u2019alternative, de laisser croire qu\u2019il n\u2019y avait pas d\u2019autre choix.<\/p>\n\n\n\n<p>Notre engagement ne s\u2019arr\u00eate pas \u00e0 ce scrutin. Nous continuerons \u00e0 agir et \u00e0 nous investir dans la vie associative, \u00e9conomique, \u00e9ducative et solidaire de notre commune.<\/p>\n\n\n\n<p>Si petite soit la braise, c&rsquo;est elle qui remet le feu \u00e0 la plaine !<\/p>\n\n\n\n<div class=\"wp-block-columns alignwide is-layout-flex wp-container-core-columns-is-layout-9d6595d7 wp-block-columns-is-layout-flex\">\n<div class=\"wp-block-column is-layout-flow wp-block-column-is-layout-flow\">\n<div class=\"wp-block-group\"><div class=\"wp-block-group__inner-container is-layout-flow wp-block-group-is-layout-flow\">\n<figure class=\"wp-block-image alignfull size-full\"><a href=\"https:\/\/valdanastautrement.fr\/index.php\/notre-programme\/\"><img loading=\"lazy\" decoding=\"async\" width=\"1000\" height=\"1000\" src=\"http:\/\/valdanastautrement.fr\/wp-content\/uploads\/2026\/02\/540690177_1363154045616072_5396003341873919005_n-1.jpg\" alt=\"\" class=\"wp-image-33\" srcset=\"https:\/\/valdanastautrement.fr\/wp-content\/uploads\/2026\/02\/540690177_1363154045616072_5396003341873919005_n-1.jpg 1000w, https:\/\/valdanastautrement.fr\/wp-content\/uploads\/2026\/02\/540690177_1363154045616072_5396003341873919005_n-1-300x300.jpg 300w, https:\/\/valdanastautrement.fr\/wp-content\/uploads\/2026\/02\/540690177_1363154045616072_5396003341873919005_n-1-150x150.jpg 150w, https:\/\/valdanastautrement.fr\/wp-content\/uploads\/2026\/02\/540690177_1363154045616072_5396003341873919005_n-1-768x768.jpg 768w\" sizes=\"auto, (max-width: 1000px) 100vw, 1000px\" \/><\/a><\/figure>\n\n\n\n<h3 class=\"wp-block-heading has-text-align-center\"><a href=\"http:\/\/valdanastautrement.fr\/index.php\/notre-programme\/\">Notre programme<\/a><\/h3>\n\n\n\n<p><\/p>\n<\/div><\/div>\n\n\n\n<div class=\"wp-block-group\"><div class=\"wp-block-group__inner-container is-layout-flow wp-block-group-is-layout-flow\">\n<figure class=\"wp-block-image alignfull size-full\"><a href=\"https:\/\/valdanastautrement.fr\/index.php\/nos-prises-de-positions\/\"><img loading=\"lazy\" decoding=\"async\" width=\"2560\" height=\"1920\" src=\"http:\/\/valdanastautrement.fr\/wp-content\/uploads\/2026\/02\/photo-p-3-scaled.jpg\" alt=\"\" class=\"wp-image-37\" srcset=\"https:\/\/valdanastautrement.fr\/wp-content\/uploads\/2026\/02\/photo-p-3-scaled.jpg 2560w, https:\/\/valdanastautrement.fr\/wp-content\/uploads\/2026\/02\/photo-p-3-300x225.jpg 300w, https:\/\/valdanastautrement.fr\/wp-content\/uploads\/2026\/02\/photo-p-3-1024x768.jpg 1024w, https:\/\/valdanastautrement.fr\/wp-content\/uploads\/2026\/02\/photo-p-3-768x576.jpg 768w, https:\/\/valdanastautrement.fr\/wp-content\/uploads\/2026\/02\/photo-p-3-1536x1152.jpg 1536w, https:\/\/valdanastautrement.fr\/wp-content\/uploads\/2026\/02\/photo-p-3-2048x1536.jpg 2048w, https:\/\/valdanastautrement.fr\/wp-content\/uploads\/2026\/02\/photo-p-3-1200x900.jpg 1200w, https:\/\/valdanastautrement.fr\/wp-content\/uploads\/2026\/02\/photo-p-3-1980x1485.jpg 1980w\" sizes=\"auto, (max-width: 2560px) 100vw, 2560px\" \/><\/a><\/figure>\n\n\n\n<h3 class=\"wp-block-heading has-text-align-center\"><a href=\"http:\/\/valdanastautrement.fr\/index.php\/nos-prises-de-positions\/\" data-type=\"page\" data-id=\"68\">Nos prises de position<\/a><\/h3>\n<\/div><\/div>\n<\/div>\n\n\n\n<div class=\"wp-block-column is-layout-flow wp-block-column-is-layout-flow\">\n<div class=\"wp-block-group\"><div class=\"wp-block-group__inner-container is-layout-flow wp-block-group-is-layout-flow\">\n<figure class=\"wp-block-image alignfull size-full\"><a href=\"https:\/\/valdanastautrement.fr\/index.php\/sample-page\/\"><img loading=\"lazy\" decoding=\"async\" width=\"2560\" height=\"1709\" src=\"http:\/\/valdanastautrement.fr\/wp-content\/uploads\/2026\/02\/DSC1725-1-scaled.jpg\" alt=\"\" class=\"wp-image-34\" srcset=\"https:\/\/valdanastautrement.fr\/wp-content\/uploads\/2026\/02\/DSC1725-1-scaled.jpg 2560w, https:\/\/valdanastautrement.fr\/wp-content\/uploads\/2026\/02\/DSC1725-1-300x200.jpg 300w, https:\/\/valdanastautrement.fr\/wp-content\/uploads\/2026\/02\/DSC1725-1-1024x684.jpg 1024w, https:\/\/valdanastautrement.fr\/wp-content\/uploads\/2026\/02\/DSC1725-1-768x513.jpg 768w, https:\/\/valdanastautrement.fr\/wp-content\/uploads\/2026\/02\/DSC1725-1-1536x1025.jpg 1536w, https:\/\/valdanastautrement.fr\/wp-content\/uploads\/2026\/02\/DSC1725-1-2048x1367.jpg 2048w, https:\/\/valdanastautrement.fr\/wp-content\/uploads\/2026\/02\/DSC1725-1-1200x801.jpg 1200w, https:\/\/valdanastautrement.fr\/wp-content\/uploads\/2026\/02\/DSC1725-1-1980x1322.jpg 1980w\" sizes=\"auto, (max-width: 2560px) 100vw, 2560px\" \/><\/a><\/figure>\n\n\n\n<h3 class=\"wp-block-heading has-text-align-center\"><a href=\"http:\/\/valdanastautrement.fr\/index.php\/sample-page\/\" data-type=\"page\" data-id=\"2\">Nos Candidats<\/a><\/h3>\n\n\n\n<figure class=\"wp-block-gallery alignfull has-nested-images columns-default is-cropped wp-block-gallery-1 is-layout-flex wp-block-gallery-is-layout-flex\">\n<figure class=\"wp-block-image size-full\"><img loading=\"lazy\" decoding=\"async\" width=\"1500\" height=\"1001\" data-id=\"35\" src=\"http:\/\/valdanastautrement.fr\/wp-content\/uploads\/2026\/02\/DSC1950_1500.jpg\" alt=\"\" class=\"wp-image-35\" srcset=\"https:\/\/valdanastautrement.fr\/wp-content\/uploads\/2026\/02\/DSC1950_1500.jpg 1500w, https:\/\/valdanastautrement.fr\/wp-content\/uploads\/2026\/02\/DSC1950_1500-300x200.jpg 300w, https:\/\/valdanastautrement.fr\/wp-content\/uploads\/2026\/02\/DSC1950_1500-1024x683.jpg 1024w, https:\/\/valdanastautrement.fr\/wp-content\/uploads\/2026\/02\/DSC1950_1500-768x513.jpg 768w, https:\/\/valdanastautrement.fr\/wp-content\/uploads\/2026\/02\/DSC1950_1500-1200x801.jpg 1200w\" sizes=\"auto, (max-width: 1500px) 100vw, 1500px\" \/><\/figure>\n<\/figure>\n\n\n\n<h3 class=\"wp-block-heading has-text-align-center\"><a href=\"http:\/\/valdanastautrement.fr\/index.php\/notre-tete-de-liste-christian-lamy\/\" data-type=\"page\" data-id=\"47\">Notre t\u00eate de liste, Christian Lamy<\/a><\/h3>\n<\/div><\/div>\n<\/div>\n<\/div>\n\n\n\n<p class=\"has-text-align-center\"><strong>NOS R\u00c9UNIONS PUBLIQUES<\/strong><\/p>\n\n\n\n<p class=\"has-text-align-center\"><strong>Mardi 3 mars &#8211; 19h30 &#8211; Maure de Bretagne &#8211; salle du Rotz<br>Vendredi 13 mars -19h00 &#8211; Campel &#8211; petite salle derri\u00e8re la mairie<br><\/strong><\/p>\n\n\n\n<figure class=\"wp-block-image alignfull size-full\"><img loading=\"lazy\" decoding=\"async\" width=\"2560\" height=\"1442\" src=\"http:\/\/valdanastautrement.fr\/wp-content\/uploads\/2026\/02\/photo-p2-scaled.jpg\" alt=\"\" class=\"wp-image-36\" srcset=\"https:\/\/valdanastautrement.fr\/wp-content\/uploads\/2026\/02\/photo-p2-scaled.jpg 2560w, https:\/\/valdanastautrement.fr\/wp-content\/uploads\/2026\/02\/photo-p2-300x169.jpg 300w, https:\/\/valdanastautrement.fr\/wp-content\/uploads\/2026\/02\/photo-p2-1024x577.jpg 1024w, https:\/\/valdanastautrement.fr\/wp-content\/uploads\/2026\/02\/photo-p2-768x432.jpg 768w, https:\/\/valdanastautrement.fr\/wp-content\/uploads\/2026\/02\/photo-p2-1536x865.jpg 1536w, https:\/\/valdanastautrement.fr\/wp-content\/uploads\/2026\/02\/photo-p2-2048x1153.jpg 2048w, https:\/\/valdanastautrement.fr\/wp-content\/uploads\/2026\/02\/photo-p2-1200x676.jpg 1200w, https:\/\/valdanastautrement.fr\/wp-content\/uploads\/2026\/02\/photo-p2-1980x1115.jpg 1980w\" sizes=\"auto, (max-width: 2560px) 100vw, 2560px\" \/><\/figure>\n\n\n\n<div class=\"wp-block-group alignwide\"><div class=\"wp-block-group__inner-container is-layout-flow wp-block-group-is-layout-flow\">\n<h2 class=\"wp-block-heading has-text-align-center has-accent-color has-text-color\">\u201cLe 15 mars osons le changement avec Christian Lamy et Val d&rsquo;Anast Autrement\u201d<\/h2>\n<\/div><\/div>\n\n\n\n<p class=\"has-drop-cap\">Madame, Monsieur,<\/p>\n\n\n\n<p>Conseiller municipal sortant, j&rsquo;ai d\u00e9cid\u00e9 de solliciter \u00e0 nouveau vos suffrages le 15 mars prochain. Pour ces prochaines ann\u00e9es, nous voulons d\u00e9fendre nos valeurs fondamentales : la d\u00e9mocratie, la solidarit\u00e9, l\u2019environnement et l\u2019engagement citoyen. Une \u00e9quipe, solide et repr\u00e9sentative de la diversit\u00e9 de la population de la commune, m\u2019accompagne.<\/p>\n\n\n\n<p>\u00c9lu d\u2019opposition durant ce mandat, j&rsquo;ai d\u00e9fendu mes convictions sans me renier. J&rsquo;ai propos\u00e9 et obtenu les repas \u00e0 1\u20ac pour les enfants \u00e0 la cantine ainsi que la participation \u00e9quitable du CCAS aux voyages p\u00e9dagogiques. J\u2019ai d\u00e9fendu la qualit\u00e9 de l&rsquo;eau, l\u00e0 o\u00f9 la majorit\u00e9 sortante a multipli\u00e9 les votes contre la protection de l\u2019environnement.<\/p>\n\n\n\n<p>Je dispose d\u2019une bonne connaissance de tous les dossiers en cours, et avec mon \u00e9quipe, nous sommes pr\u00eats \u00e0 mettre en \u0153uvre des projets solidaires et soucieux du bien commun.<\/p>\n\n\n\n<p>Il va de soi qu&rsquo;il faudra assumer l&rsquo;h\u00e9ritage de la majorit\u00e9 sortante : une commune deux fois plus endett\u00e9e que la moyenne nationale des collectivit\u00e9s similaires, une attractivit\u00e9 commerciale, sociale et culturelle en panne, des secteurs entiers de l\u2019am\u00e9nagement du territoire communal oubli\u00e9s\u2026<\/p>\n\n\n\n<p>Pour Val d\u2019Anast, nous avons besoin d&rsquo;une \u00e9quipe municipale qui se pr\u00e9occupe des probl\u00e8mes de la vie quotidienne : l\u2019\u00e9ducation, la jeunesse, les personnes \u00e2g\u00e9es, la s\u00e9curit\u00e9 routi\u00e8re, l\u2019\u00e9tat des b\u00e2timents, la voirie communale, le logement\u2026<\/p>\n\n\n\n<p>Pour cela, nous avons b\u00e2ti un programme adapt\u00e9 aux urgences d&rsquo;aujourd&rsquo;hui : \u0153uvrer pour la sant\u00e9, soutenir les plus d\u00e9munis, prot\u00e9ger l&rsquo;environnement et l&rsquo;eau, assurer la tranquillit\u00e9 publique, mettre en s\u00e9curit\u00e9 les pi\u00e9tons, relancer l&rsquo;attractivit\u00e9 \u00e9conomique des centres-bourgs et d\u00e9fendre nos services publics.<\/p>\n\n\n\n<p>La commune de Val d&rsquo;Anast, c&rsquo;est vous ! La d\u00e9mocratie participative sera r\u00e9ellement appliqu\u00e9e, <strong>les projets seront men\u00e9s en concertation avec les habitants.<\/strong><\/p>\n\n\n\n<p>Maire, je serai loyal, sinc\u00e8re, efficace, apaisant et garant de l\u2019int\u00e9r\u00eat g\u00e9n\u00e9ral.<\/p>\n\n\n\n<p>D\u00e9couvrez sur notre site internet, nos candidats, notre programme et nos prises de position<\/p>\n\n\n\n<p><\/p>\n","protected":false},"excerpt":{"rendered":"<p>Avec Christian Lamy \u00c9L\u00c9CTIONS MUNICIPALES -15 MARS 2026 Hier ont eu lieu les \u00e9lections municipales \u00e0 Val d\u2019Anast. Nous voulons remercier chaleureusement les 440 \u00e9lecteurs qui ont choisi Val d\u2019Anast Autrement. Nous regrettons toutefois une participation en baisse : 4 points de moins que lors des derni\u00e8res l\u00e9gislatives et 12 points de moins que lors [&hellip;]<\/p>\n","protected":false},"author":1,"featured_media":0,"parent":0,"menu_order":0,"comment_status":"closed","ping_status":"closed","template":"","meta":{"footnotes":""},"class_list":["post-7","page","type-page","status-publish","hentry"],"_links":{"self":[{"href":"https:\/\/valdanastautrement.fr\/index.php\/wp-json\/wp\/v2\/pages\/7","targetHints":{"allow":["GET"]}}],"collection":[{"href":"https:\/\/valdanastautrement.fr\/index.php\/wp-json\/wp\/v2\/pages"}],"about":[{"href":"https:\/\/valdanastautrement.fr\/index.php\/wp-json\/wp\/v2\/types\/page"}],"author":[{"embeddable":true,"href":"https:\/\/valdanastautrement.fr\/index.php\/wp-json\/wp\/v2\/users\/1"}],"replies":[{"embeddable":true,"href":"https:\/\/valdanastautrement.fr\/index.php\/wp-json\/wp\/v2\/comments?post=7"}],"version-history":[{"count":16,"href":"https:\/\/valdanastautrement.fr\/index.php\/wp-json\/wp\/v2\/pages\/7\/revisions"}],"predecessor-version":[{"id":343,"href":"https:\/\/valdanastautrement.fr\/index.php\/wp-json\/wp\/v2\/pages\/7\/revisions\/343"}],"wp:attachment":[{"href":"https:\/\/valdanastautrement.fr\/index.php\/wp-json\/wp\/v2\/media?parent=7"}],"curies":[{"name":"wp","href":"https:\/\/api.w.org\/{rel}","templated":true}]}}